{"id":1395,"date":"2021-07-15T12:03:58","date_gmt":"2021-07-15T16:03:58","guid":{"rendered":"http:\/\/www.vagovernorsschool.com\/SpanishAcademy\/?page_id=1395"},"modified":"2025-05-01T21:35:54","modified_gmt":"2025-05-02T01:35:54","slug":"pagina-de-inicio","status":"publish","type":"page","link":"https:\/\/www.vagovernorsschool.com\/SpanishAcademy\/","title":{"rendered":"P\u00e1gina Principal"},"content":{"rendered":"\n<h2 class=\"wp-block-heading\"><\/h2>\n\n\n<div class=\"wp-block-image is-style-default\">\n<figure class=\"aligncenter size-full\"><a href=\"https:\/\/vagovernorsschool.com\/\"><img loading=\"lazy\" decoding=\"async\" width=\"583\" height=\"408\" src=\"http:\/\/www.vagovernorsschool.com\/SpanishAcademy\/wp-content\/uploads\/2022\/01\/image005-e1652122095781.jpg\" alt=\"\" class=\"wp-image-1502\" srcset=\"https:\/\/www.vagovernorsschool.com\/SpanishAcademy\/wp-content\/uploads\/2022\/01\/image005-e1652122095781.jpg 583w, https:\/\/www.vagovernorsschool.com\/SpanishAcademy\/wp-content\/uploads\/2022\/01\/image005-e1652122095781-300x210.jpg 300w\" sizes=\"auto, (max-width: 583px) 100vw, 583px\" \/><\/a><\/figure>\n<\/div>\n\n\n<p class=\"has-text-align-left\" style=\"font-size:18px\"><em><em>Al comienzo, los alumnos firman un juramento que no van a hablar ni una palabra de ingl\u00e9s hasta despu\u00e9s de la ceremonia de clausura. Ya que se levante este juramento al final, pueden hablar ingl\u00e9s si es que quieren\u2026a pocos les interesa.<br><\/em><br><\/em>Paul R. (Dick) Kuettner<br>Program Coordinator<\/p>\n\n\n\n<hr class=\"wp-block-separator has-css-opacity\"\/>\n\n\n\n<h2 class=\"wp-block-heading has-text-align-center\" id=\"bienvenidas-y-bienvenidos\">\u00a1 BIENVENIDAS Y BIENVENIDOS !<\/h2>\n\n\n<div class=\"wp-block-image\">\n<figure class=\"aligncenter size-medium is-resized\"><a href=\"https:\/\/www.vagovernorsschool.com\/SpanishAcademy\/wp-content\/uploads\/2025\/05\/Logo-La-Academia-Espanola-2025.png\"><img loading=\"lazy\" decoding=\"async\" width=\"233\" height=\"300\" src=\"https:\/\/www.vagovernorsschool.com\/SpanishAcademy\/wp-content\/uploads\/2025\/05\/Logo-La-Academia-Espanola-2025-233x300.png\" alt=\"\" class=\"wp-image-2322\" style=\"object-fit:cover;width:233px;height:auto\" srcset=\"https:\/\/www.vagovernorsschool.com\/SpanishAcademy\/wp-content\/uploads\/2025\/05\/Logo-La-Academia-Espanola-2025-233x300.png 233w, https:\/\/www.vagovernorsschool.com\/SpanishAcademy\/wp-content\/uploads\/2025\/05\/Logo-La-Academia-Espanola-2025-796x1024.png 796w, https:\/\/www.vagovernorsschool.com\/SpanishAcademy\/wp-content\/uploads\/2025\/05\/Logo-La-Academia-Espanola-2025-768x988.png 768w, https:\/\/www.vagovernorsschool.com\/SpanishAcademy\/wp-content\/uploads\/2025\/05\/Logo-La-Academia-Espanola-2025-1194x1536.png 1194w, https:\/\/www.vagovernorsschool.com\/SpanishAcademy\/wp-content\/uploads\/2025\/05\/Logo-La-Academia-Espanola-2025.png 1555w\" sizes=\"auto, (max-width: 233px) 100vw, 233px\" \/><\/a><\/figure>\n<\/div>\n\n\n<p><\/p>\n\n\n\n<p style=\"font-size:18px\">Bienvenidos al sitio oficial para la Academia Espa\u00f1ola del Gobernador de Virginia. Aqu\u00ed se encuentra informaci\u00f3n importante para el programa como descripciones de las materias, biograf\u00edas del equipo, y ejemplos generales del horario cotidiano. Mientras usted explore el sitio, por favor disfrute de varias publicaciones en el blog escritas por los mismos estudiantes.\u00a0<\/p>\n\n\n\n<figure class=\"wp-block-image size-full\"><a href=\"http:\/\/www.vagovernorsschool.com\/SpanishAcademy\/wp-content\/uploads\/2024\/07\/image-16.png\"><img loading=\"lazy\" decoding=\"async\" width=\"1188\" height=\"697\" src=\"http:\/\/www.vagovernorsschool.com\/SpanishAcademy\/wp-content\/uploads\/2024\/07\/image-16.png\" alt=\"\" class=\"wp-image-2182\" srcset=\"https:\/\/www.vagovernorsschool.com\/SpanishAcademy\/wp-content\/uploads\/2024\/07\/image-16.png 1188w, https:\/\/www.vagovernorsschool.com\/SpanishAcademy\/wp-content\/uploads\/2024\/07\/image-16-300x176.png 300w, https:\/\/www.vagovernorsschool.com\/SpanishAcademy\/wp-content\/uploads\/2024\/07\/image-16-1024x601.png 1024w, https:\/\/www.vagovernorsschool.com\/SpanishAcademy\/wp-content\/uploads\/2024\/07\/image-16-768x451.png 768w\" sizes=\"auto, (max-width: 1188px) 100vw, 1188px\" \/><\/a><\/figure>\n\n\n\n<figure class=\"wp-block-gallery has-nested-images columns-2 wp-block-gallery-1 is-layout-flex wp-block-gallery-is-layout-flex\">\n<figure class=\"wp-block-image size-large\"><img loading=\"lazy\" decoding=\"async\" width=\"770\" height=\"1024\" data-id=\"1737\" src=\"http:\/\/www.vagovernorsschool.com\/SpanishAcademy\/wp-content\/uploads\/2022\/07\/Screen-Shot-2022-07-01-at-4.51.07-PM-770x1024.jpg\" alt=\"\" class=\"wp-image-1737\" srcset=\"https:\/\/www.vagovernorsschool.com\/SpanishAcademy\/wp-content\/uploads\/2022\/07\/Screen-Shot-2022-07-01-at-4.51.07-PM-770x1024.jpg 770w, https:\/\/www.vagovernorsschool.com\/SpanishAcademy\/wp-content\/uploads\/2022\/07\/Screen-Shot-2022-07-01-at-4.51.07-PM-226x300.jpg 226w, https:\/\/www.vagovernorsschool.com\/SpanishAcademy\/wp-content\/uploads\/2022\/07\/Screen-Shot-2022-07-01-at-4.51.07-PM-768x1021.jpg 768w, https:\/\/www.vagovernorsschool.com\/SpanishAcademy\/wp-content\/uploads\/2022\/07\/Screen-Shot-2022-07-01-at-4.51.07-PM.jpg 782w\" sizes=\"auto, (max-width: 770px) 100vw, 770px\" \/><\/figure>\n\n\n\n<figure class=\"wp-block-image size-large\"><img loading=\"lazy\" decoding=\"async\" width=\"768\" height=\"1024\" data-id=\"1760\" src=\"http:\/\/www.vagovernorsschool.com\/SpanishAcademy\/wp-content\/uploads\/2022\/07\/fallas--768x1024.png\" alt=\"\" class=\"wp-image-1760\" srcset=\"https:\/\/www.vagovernorsschool.com\/SpanishAcademy\/wp-content\/uploads\/2022\/07\/fallas--768x1024.png 768w, https:\/\/www.vagovernorsschool.com\/SpanishAcademy\/wp-content\/uploads\/2022\/07\/fallas--225x300.png 225w, https:\/\/www.vagovernorsschool.com\/SpanishAcademy\/wp-content\/uploads\/2022\/07\/fallas-.png 780w\" sizes=\"auto, (max-width: 768px) 100vw, 768px\" \/><\/figure>\n\n\n\n<figure class=\"wp-block-image size-large\"><img loading=\"lazy\" decoding=\"async\" width=\"1024\" height=\"769\" data-id=\"1670\" src=\"http:\/\/www.vagovernorsschool.com\/SpanishAcademy\/wp-content\/uploads\/2022\/06\/La-callejoneada-1024x769.png\" alt=\"\" class=\"wp-image-1670\" srcset=\"https:\/\/www.vagovernorsschool.com\/SpanishAcademy\/wp-content\/uploads\/2022\/06\/La-callejoneada-1024x769.png 1024w, https:\/\/www.vagovernorsschool.com\/SpanishAcademy\/wp-content\/uploads\/2022\/06\/La-callejoneada-300x225.png 300w, https:\/\/www.vagovernorsschool.com\/SpanishAcademy\/wp-content\/uploads\/2022\/06\/La-callejoneada-768x577.png 768w, https:\/\/www.vagovernorsschool.com\/SpanishAcademy\/wp-content\/uploads\/2022\/06\/La-callejoneada.png 1398w\" sizes=\"auto, (max-width: 1024px) 100vw, 1024px\" \/><\/figure>\n<\/figure>\n\n\n\n<hr class=\"wp-block-separator has-css-opacity\"\/>\n\n\n\n<h2 class=\"wp-block-heading has-text-align-center\" id=\"history-and-overview\">Historia y Resumen&nbsp;<\/h2>\n\n\n\n<hr class=\"wp-block-separator has-css-opacity\"\/>\n\n\n\n<p>Las Academias de Idiomas Mundiales del Gobernador de Virginia se originaron en 1986 con la creaci\u00f3n de la Academia Francesa. La alemana y la espa\u00f1ola comenzaron el a\u00f1o siguiente. Los tres programas de inmersi\u00f3n total buscan proveer una experiencia ejemplar en la educaci\u00f3n de idiomas mundiales. Desde 2011, la universidad de Washington y Lee ha albergado <em>La Academia Espa\u00f1ola<\/em>, dando la bienvenida a los ling\u00fcistas de la pr\u00f3xima generaci\u00f3n para su programa de tres semanas, en donde sobran las oportunidades para el desarrollo ling\u00fc\u00edstico y cultural todos los d\u00edas.&nbsp;<\/p>\n\n\n\n<p>Por la duraci\u00f3n del programa, los estudiantes de idiomas m\u00e1s talentosos y motivados en todo el estado participan en estudios intensos de lenguaje y cultura, bajo el requisito de solamente hablar, leer, escribir, y escuchar castellano. Estos alumnos son locales del estado, pero los empleados tienen sus or\u00edgenes en todas partes del mundo. De la ma\u00f1ana hasta la tarde, los alumnos participan en una variedad de actividades y clases para promover las varias culturas y formas relacionadas con el idioma.&nbsp;<\/p>\n\n\n\n<p>\u00bfBusca m\u00e1s informaci\u00f3n? \u00bfLe interesa solicitar?&nbsp;<\/p>\n\n\n\n<p><a href=\"https:\/\/vagovernorsschool.com\/\" data-type=\"link\" data-id=\"https:\/\/vagovernorsschool.com\/\">Visite el sitio del VDOE para las Academias.<\/a><\/p>\n\n\n<div class=\"wp-block-image\">\n<figure class=\"aligncenter size-large\"><a href=\"http:\/\/www.vagovernorsschool.com\/SpanishAcademy\/wp-content\/uploads\/2022\/07\/baile-1.jpg\"><img loading=\"lazy\" decoding=\"async\" width=\"1024\" height=\"676\" src=\"http:\/\/www.vagovernorsschool.com\/SpanishAcademy\/wp-content\/uploads\/2022\/07\/baile-1-1024x676.jpg\" alt=\"\" class=\"wp-image-1785\" srcset=\"https:\/\/www.vagovernorsschool.com\/SpanishAcademy\/wp-content\/uploads\/2022\/07\/baile-1-1024x676.jpg 1024w, https:\/\/www.vagovernorsschool.com\/SpanishAcademy\/wp-content\/uploads\/2022\/07\/baile-1-300x198.jpg 300w, https:\/\/www.vagovernorsschool.com\/SpanishAcademy\/wp-content\/uploads\/2022\/07\/baile-1-768x507.jpg 768w, https:\/\/www.vagovernorsschool.com\/SpanishAcademy\/wp-content\/uploads\/2022\/07\/baile-1-1536x1015.jpg 1536w, https:\/\/www.vagovernorsschool.com\/SpanishAcademy\/wp-content\/uploads\/2022\/07\/baile-1.jpg 1567w\" sizes=\"auto, (max-width: 1024px) 100vw, 1024px\" \/><\/a><\/figure>\n<\/div>\n\n\n<hr class=\"wp-block-separator has-css-opacity\"\/>\n\n\n\n<h2 class=\"wp-block-heading has-text-align-center\" id=\"in-the-news\">En las Noticias<\/h2>\n\n\n\n<hr class=\"wp-block-separator has-css-opacity\"\/>\n\n\n\n<p style=\"font-size:18px\"><a href=\"https:\/\/columns.wlu.edu\/language-academies-adjust-to-virtual-summer\/\">&#8220;Language Academies Adjust to Virtual Summer&#8221; (Franklin, 2020)<\/a><\/p>\n\n\n\n<p><a href=\"https:\/\/columns.wlu.edu\/wl-to-continue-hosting-the-virginia-governors-foreign-language-academies\/\">&#8220;W&amp;L to Continue Hosting the Virginia Governor\u2019s Foreign Language Academies&#8221; (Sackett, 2016)<\/a><\/p>\n\n\n\n<p><a href=\"https:\/\/www.wvtf.org\/post\/no-english-allowed#stream\/0\">&#8220;No English Allowed!&#8221; (Hausman, 2013)<\/a><\/p>\n\n\n\n<p><a href=\"https:\/\/columns.wlu.edu\/no-cells-no-ipods-no-english-governors-language-academies-at-wl\/\">&#8220;No Cells, No iPods, No English: Governor&#8217;s Language Academies at W&amp;L&#8221; (Hanna, 2013)<\/a><\/p>\n\n\n\n<p><a href=\"https:\/\/columns.wlu.edu\/virginia-governors-language-academies-begin-at-wl\/\">&#8220;Virginia Governor&#8217;s Language Academies Begin at W&amp;L&#8221; (Cline, 2012)<\/a><\/p>\n\n\n\n<p><a href=\"https:\/\/columns.wlu.edu\/ws-language-academies\/\">&#8220;W&amp;L to Host Three Virginia Governor&#8217;s Language Academies&#8221; (Tschiggfrie, 2011)<\/a><\/p>\n\n\n<div class=\"wp-block-image\">\n<figure class=\"aligncenter size-large is-resized\"><a href=\"http:\/\/www.vagovernorsschool.com\/SpanishAcademy\/wp-content\/uploads\/2022\/07\/Los-jugadores-.jpg\"><img loading=\"lazy\" decoding=\"async\" width=\"1024\" height=\"768\" src=\"http:\/\/www.vagovernorsschool.com\/SpanishAcademy\/wp-content\/uploads\/2022\/07\/Los-jugadores--1024x768.jpg\" alt=\"\" class=\"wp-image-1769\" style=\"width:840px;height:630px\" srcset=\"https:\/\/www.vagovernorsschool.com\/SpanishAcademy\/wp-content\/uploads\/2022\/07\/Los-jugadores--1024x768.jpg 1024w, https:\/\/www.vagovernorsschool.com\/SpanishAcademy\/wp-content\/uploads\/2022\/07\/Los-jugadores--300x225.jpg 300w, https:\/\/www.vagovernorsschool.com\/SpanishAcademy\/wp-content\/uploads\/2022\/07\/Los-jugadores--768x576.jpg 768w, https:\/\/www.vagovernorsschool.com\/SpanishAcademy\/wp-content\/uploads\/2022\/07\/Los-jugadores--1536x1152.jpg 1536w, https:\/\/www.vagovernorsschool.com\/SpanishAcademy\/wp-content\/uploads\/2022\/07\/Los-jugadores-.jpg 2048w\" sizes=\"auto, (max-width: 1024px) 100vw, 1024px\" \/><\/a><\/figure>\n<\/div>\n\n\n<p class=\"has-text-align-center\"><em>Los alumnos demuestran su orgullo despu\u00e9s de un<br>partido de f\u00fatbol (la academia 2022)<\/em><\/p>\n\n\n\n<hr class=\"wp-block-separator has-css-opacity\"\/>\n\n\n\n<h2 class=\"wp-block-heading has-text-align-center\" id=\"voices-of-the-academy\">&#8220;Voces de la Academia&nbsp;&#8220;<\/h2>\n\n\n\n<hr class=\"wp-block-separator has-css-opacity\"\/>\n\n\n\n<p>Entre muchas otras actividades acad\u00e9micas y extracurriculares que se ofrecen durante el programa, las Academias de Idiomas Mundiales del Gobernador de Virginia tienen programas de radio regulares.&nbsp;&nbsp;<\/p>\n\n\n\n<p>Se var\u00edan los temas de las presentaciones pero suelen incluir la comida, el entretenimiento, la salud, la cocina, recomendaciones de libros, m\u00fasica, etc.&nbsp;<\/p>\n\n\n\n<p>Estas publicaciones las crean los alumnos con la ayuda de un profesor y un mentor de cada academia. La radio de la universidad de Washington y Lee (WLUR) hace que todo esto sea posible.&nbsp;<\/p>\n\n\n\n<p>El prop\u00f3sito de este ejercicio es desarrollar la escritura y el habla tras el proceso de buscar ideas, formar borradores, finalizar guiones, y practicar la articulaci\u00f3n y la proyecci\u00f3n de la voz. Tras escuchar estos programas, se siente el entusiasmo de los alumnos por el idioma mientras los alumnos avanzan r\u00e1pidamente en las cuatro habilidades del aprendizaje de idiomas.\u00a0\u00a0<\/p>\n\n\n\n<p>Haga clic en el bot\u00f3n para escuchar un cap\u00edtulo del programa de radio de las Academias de 2024. \u00a1Vale la pena!&nbsp;<\/p>\n\n\n\n<figure class=\"wp-block-audio\"><audio controls src=\"https:\/\/www.vagovernorsschool.com\/SpanishAcademy\/wp-content\/uploads\/2024\/07\/Langurage-Academy-Week-1.mp3\"><\/audio><figcaption class=\"wp-element-caption\">Voces de la Academia &#8211; 29:26<\/figcaption><\/figure>\n\n\n\n<figure class=\"wp-block-audio\"><audio controls src=\"https:\/\/www.vagovernorsschool.com\/SpanishAcademy\/wp-content\/uploads\/2024\/07\/Langurage-Academy-Week-2.mp3\"><\/audio><figcaption class=\"wp-element-caption\">Voces de la Academia &#8211; 33:15<\/figcaption><\/figure>\n\n\n\n<figure class=\"wp-block-audio\"><audio controls src=\"https:\/\/www.vagovernorsschool.com\/SpanishAcademy\/wp-content\/uploads\/2024\/07\/Langurage-Academy-Week-3.mp3\"><\/audio><figcaption class=\"wp-element-caption\">Voces de la Academia &#8211; 30:05<\/figcaption><\/figure>\n\n\n\n<p class=\"has-text-align-center\" style=\"font-size:18px\"><\/p>\n\n\n\n<!--nextpage-->\n\n\n\n<hr class=\"wp-block-separator has-css-opacity\"\/>\n\n\n\n<h2 class=\"wp-block-heading has-text-align-center\" id=\"recuerdos-de-la-academia\">Recuerdos de la Academia<\/h2>\n\n\n\n<hr class=\"wp-block-separator has-css-opacity\"\/>\n\n\n<div class=\"wp-block-image\">\n<figure class=\"aligncenter size-large\"><img loading=\"lazy\" decoding=\"async\" width=\"350\" height=\"360\" src=\"http:\/\/www.vagovernorsschool.com\/SpanishAcademy\/wp-content\/uploads\/2021\/07\/rosa-1.jpg\" alt=\"\" class=\"wp-image-1483\" srcset=\"https:\/\/www.vagovernorsschool.com\/SpanishAcademy\/wp-content\/uploads\/2021\/07\/rosa-1.jpg 350w, https:\/\/www.vagovernorsschool.com\/SpanishAcademy\/wp-content\/uploads\/2021\/07\/rosa-1-292x300.jpg 292w\" sizes=\"auto, (max-width: 350px) 100vw, 350px\" \/><\/figure>\n<\/div>\n\n\n<p class=\"has-text-align-center\" style=\"font-size:18px\"><em><em>La directora vestida de Frida Kahlo para la Feria Internacional<\/em> (la academia 2016)&nbsp;<\/em><\/p>\n\n\n<div class=\"wp-block-image\">\n<figure class=\"aligncenter size-large is-resized\"><img loading=\"lazy\" decoding=\"async\" width=\"1024\" height=\"713\" src=\"http:\/\/www.vagovernorsschool.com\/SpanishAcademy\/wp-content\/uploads\/2018\/04\/Spanish-group-photo-e1523127436817-1024x713.jpg\" alt=\"\" class=\"wp-image-314\" style=\"width:588px;height:408px\" srcset=\"https:\/\/www.vagovernorsschool.com\/SpanishAcademy\/wp-content\/uploads\/2018\/04\/Spanish-group-photo-e1523127436817-1024x713.jpg 1024w, https:\/\/www.vagovernorsschool.com\/SpanishAcademy\/wp-content\/uploads\/2018\/04\/Spanish-group-photo-e1523127436817-300x209.jpg 300w, https:\/\/www.vagovernorsschool.com\/SpanishAcademy\/wp-content\/uploads\/2018\/04\/Spanish-group-photo-e1523127436817-768x534.jpg 768w, https:\/\/www.vagovernorsschool.com\/SpanishAcademy\/wp-content\/uploads\/2018\/04\/Spanish-group-photo-e1523127436817.jpg 1440w\" sizes=\"auto, (max-width: 1024px) 100vw, 1024px\" \/><\/figure>\n<\/div>\n\n\n<p class=\"has-text-align-center\" style=\"font-size:18px\"><em><em>Una visita al VMFA en Richmond, Virginia<\/em> (la academia 2016)&nbsp;<\/em><\/p>\n\n\n<div class=\"wp-block-image\">\n<figure class=\"aligncenter size-large is-resized\"><img loading=\"lazy\" decoding=\"async\" width=\"973\" height=\"742\" src=\"http:\/\/www.vagovernorsschool.com\/SpanishAcademy\/wp-content\/uploads\/2021\/07\/empanada.jpg\" alt=\"\" class=\"wp-image-1474\" style=\"width:550px;height:419px\" srcset=\"https:\/\/www.vagovernorsschool.com\/SpanishAcademy\/wp-content\/uploads\/2021\/07\/empanada.jpg 973w, https:\/\/www.vagovernorsschool.com\/SpanishAcademy\/wp-content\/uploads\/2021\/07\/empanada-300x229.jpg 300w, https:\/\/www.vagovernorsschool.com\/SpanishAcademy\/wp-content\/uploads\/2021\/07\/empanada-768x586.jpg 768w\" sizes=\"auto, (max-width: 973px) 100vw, 973px\" \/><\/figure>\n<\/div>\n\n\n<p class=\"has-text-align-center\" style=\"font-size:18px\"><em><em>Mentora luce sus habilidades de hacer empanadas (la academia 2015)<\/em>&nbsp;<\/em><\/p>\n\n\n\n<p><\/p>\n","protected":false},"excerpt":{"rendered":"<p>Al comienzo, los alumnos firman un juramento que no van a hablar ni una palabra de ingl\u00e9s hasta despu\u00e9s de &hellip; <\/p>\n","protected":false},"author":1,"featured_media":0,"parent":0,"menu_order":0,"comment_status":"closed","ping_status":"closed","template":"","meta":{"jetpack_post_was_ever_published":false,"footnotes":""},"class_list":["post-1395","page","type-page","status-publish","hentry","latest_post"],"jetpack_sharing_enabled":true,"jetpack_shortlink":"https:\/\/wp.me\/P9TuOs-mv","_links":{"self":[{"href":"https:\/\/www.vagovernorsschool.com\/SpanishAcademy\/wp-json\/wp\/v2\/pages\/1395","targetHints":{"allow":["GET"]}}],"collection":[{"href":"https:\/\/www.vagovernorsschool.com\/SpanishAcademy\/wp-json\/wp\/v2\/pages"}],"about":[{"href":"https:\/\/www.vagovernorsschool.com\/SpanishAcademy\/wp-json\/wp\/v2\/types\/page"}],"author":[{"embeddable":true,"href":"https:\/\/www.vagovernorsschool.com\/SpanishAcademy\/wp-json\/wp\/v2\/users\/1"}],"replies":[{"embeddable":true,"href":"https:\/\/www.vagovernorsschool.com\/SpanishAcademy\/wp-json\/wp\/v2\/comments?post=1395"}],"version-history":[{"count":74,"href":"https:\/\/www.vagovernorsschool.com\/SpanishAcademy\/wp-json\/wp\/v2\/pages\/1395\/revisions"}],"predecessor-version":[{"id":2323,"href":"https:\/\/www.vagovernorsschool.com\/SpanishAcademy\/wp-json\/wp\/v2\/pages\/1395\/revisions\/2323"}],"wp:attachment":[{"href":"https:\/\/www.vagovernorsschool.com\/SpanishAcademy\/wp-json\/wp\/v2\/media?parent=1395"}],"curies":[{"name":"wp","href":"https:\/\/api.w.org\/{rel}","templated":true}]}}