{"id":1622,"date":"2024-04-30T10:22:44","date_gmt":"2024-04-30T14:22:44","guid":{"rendered":"http:\/\/www.vagovernorsschool.com\/FrenchAcademy\/?page_id=1622"},"modified":"2025-07-10T16:40:19","modified_gmt":"2025-07-10T20:40:19","slug":"home-page","status":"publish","type":"page","link":"https:\/\/www.vagovernorsschool.com\/FrenchAcademy\/","title":{"rendered":"Page d\u2019accueil"},"content":{"rendered":"<div class=\"wp-block-image\">\n<figure class=\"aligncenter\"><a href=\"https:\/\/vagovernorsschool.com\/\"><img decoding=\"async\" src=\"http:\/\/www.vagovernorsschool.com\/FrenchAcademy\/wp-content\/uploads\/2021\/07\/image005-e1652121032217.jpg\" alt=\"\"\/><\/a><\/figure>\n<\/div>\n\n\n<p><em>&nbsp;D\u00e8s leur arriv\u00e9e, les \u00e9tudiants signent un serment selon lequel ils ne parleront pas un mot d&#8217;anglais avant la c\u00e9r\u00e9monie de cl\u00f4ture. Une fois lib\u00e9r\u00e9s de cet engagement, ils peuvent alors parler anglais. . . s&#8217;ils en ont envie. En fait, rares sont ceux qui le font !&nbsp;<br><\/em><br>Paul R. (Dick) Kuettner<br>Coordinateur de programme<\/p>\n\n\n\n<hr class=\"wp-block-separator has-alpha-channel-opacity\"\/>\n\n\n\n<h1 class=\"wp-block-heading has-text-align-center\" id=\"bienvenue-a-tous\" style=\"font-size:30px\">BIENVENUE \u00c0 TOUS ! <\/h1>\n\n\n<div class=\"wp-block-image\">\n<figure class=\"aligncenter size-medium\"><img loading=\"lazy\" decoding=\"async\" width=\"300\" height=\"295\" src=\"https:\/\/www.vagovernorsschool.com\/FrenchAcademy\/wp-content\/uploads\/2025\/04\/Screenshot-2025-04-29-164353-300x295.png\" alt=\"\" class=\"wp-image-2749\" srcset=\"https:\/\/www.vagovernorsschool.com\/FrenchAcademy\/wp-content\/uploads\/2025\/04\/Screenshot-2025-04-29-164353-300x295.png 300w, https:\/\/www.vagovernorsschool.com\/FrenchAcademy\/wp-content\/uploads\/2025\/04\/Screenshot-2025-04-29-164353-70x70.png 70w, https:\/\/www.vagovernorsschool.com\/FrenchAcademy\/wp-content\/uploads\/2025\/04\/Screenshot-2025-04-29-164353.png 655w\" sizes=\"auto, (max-width: 300px) 100vw, 300px\" \/><\/figure>\n<\/div>\n\n\n<p>Bienvenue sur le site officiel de l&#8217;Acad\u00e9mie Fran\u00e7aise du Gouverneur de Virginie. Vous trouverez ici des informations importantes sur le programme, telles que les descriptions de cours, les biographies des membres de l&#8217;\u00e9quipe, professeurs et moniteurs, ainsi que les horaires quotidiens. En explorant ce site, n&#8217;h\u00e9sitez pas \u00e0 profiter de plusieurs articles de blog et de podcasts des acad\u00e9miciens eux-m\u00eames !&nbsp;<\/p>\n\n\n\n<figure class=\"wp-block-image\"><a href=\"https:\/\/www.vagovernorsschool.com\/FrenchAcademy\/wp-content\/uploads\/2023\/07\/1Juillet_BalInternational3-scaled.jpg\"><img decoding=\"async\" src=\"https:\/\/www.vagovernorsschool.com\/FrenchAcademy\/wp-content\/uploads\/2023\/07\/1Juillet_BalInternational3-1024x768.jpg\" alt=\"\" title=\"IMG_1299\"\/><\/a><\/figure>\n\n\n\n<p><em>La Famille Fran\u00e7aise r\u00e9unie: Professeurs, Moniteurs, et Acad\u00e9miciens lors du Bal International de l&#8217;Acad\u00e9mie.<\/em><\/p>\n\n\n\n<hr class=\"wp-block-separator has-alpha-channel-opacity\"\/>\n\n\n\n<h2 class=\"wp-block-heading has-text-align-center\" id=\"history-and-overview\"><strong>Histoire et Aper\u00e7u G\u00e9n\u00e9ral&nbsp;<\/strong><\/h2>\n\n\n\n<hr class=\"wp-block-separator has-alpha-channel-opacity\"\/>\n\n\n\n<p>Les Acad\u00e9mies de Langue du Gouverneur de Virginie ont vu le jour en 1986 avec la cr\u00e9ation de l&#8217;Acad\u00e9mie Fran\u00e7aise. Les acad\u00e9mies allemandes et espagnoles d\u00e9butent l&#8217;ann\u00e9e suivante. Les trois programmes d&#8217;immersion totale visent \u00e0 offrir une exp\u00e9rience exemplaire dans l&#8217;enseignement des langues \u00e9trang\u00e8res. Depuis 2011, l&#8217;Universit\u00e9 Washington &amp; Lee accueille L&#8217;Acad\u00e9mie Fran\u00e7aise, attirant des jeunes aspirants linguistes dans son programme de trois semaines o\u00f9 les opportunit\u00e9s de d\u00e9veloppement linguistique et culturel abondent dans le cadre d&#8217;un programme riche en activit\u00e9s linguistiques, culturelles et sociales quotidiennes.&nbsp;<\/p>\n\n\n\n<p>Pendant toute la dur\u00e9e du programme, les \u00e9tudiants en langues \u00e9trang\u00e8res les plus motiv\u00e9s et les plus talentueux du Commonwealth participent \u00e0 des \u00e9tudes linguistiques et culturelles intenses, tout en \u00e9tant tenus de parler, lire, \u00e9crire et \u00e9couter uniquement le fran\u00e7ais. Les \u00e9tudiants s\u00e9lectionn\u00e9s sont locaux. Par contre, les professeurs et le cadre personnel viennent de toutes les r\u00e9gions du monde. Du matin jusqu&#8217;au soir, les \u00e9tudiants participent \u00e0 une vari\u00e9t\u00e9 d&#8217;activit\u00e9s et de cours qui promeuvent les diverses cultures et formes linguistiques des langues cibles.&nbsp;<\/p>\n\n\n\n<p>Pour plus d&#8217;informations, veuillez visiter le site <a href=\"https:\/\/vagovernorsschool.com\/\" data-type=\"link\" data-id=\"https:\/\/vagovernorsschool.com\/\">Web des Acad\u00e9mies de langues<\/a> \u00e9trang\u00e8res du VDOE.&nbsp;<\/p>\n\n\n\n<figure class=\"wp-block-image\"><a href=\"https:\/\/www.vagovernorsschool.com\/FrenchAcademy\/wp-content\/uploads\/2023\/07\/IMG_31393-scaled.jpg\"><img decoding=\"async\" src=\"https:\/\/www.vagovernorsschool.com\/FrenchAcademy\/wp-content\/uploads\/2023\/07\/IMG_31393-scaled.jpg\" alt=\"\" title=\"IMG_8926\"\/><\/a><\/figure>\n\n\n\n<p>Les Acad\u00e9miciens pr\u00e9parent et d\u00e9gustent une vari\u00e9t\u00e9 de cuisine Francophone&nbsp;&nbsp;<\/p>\n\n\n\n<p><em>(L&#8217;Acad\u00e9mie Fran\u00e7aise 2023)&nbsp;<\/em><\/p>\n\n\n\n<hr class=\"wp-block-separator has-alpha-channel-opacity\"\/>\n\n\n\n<h2 class=\"wp-block-heading has-text-align-center\" id=\"in-the-news\">Dans l&#8217;actualit\u00e9<\/h2>\n\n\n\n<hr class=\"wp-block-separator has-alpha-channel-opacity\"\/>\n\n\n\n<p><a href=\"https:\/\/columns.wlu.edu\/no-cells-no-ipods-no-english-governors-language-academies-at-wl\/\">&#8220;No Cells, No iPods, No English: Governor&#8217;s Language Academies at W&amp;L&#8221;<\/a><br><a href=\"https:\/\/columns.wlu.edu\/no-cells-no-ipods-no-english-governors-language-academies-at-wl\/\">(Hanna, 2013)<\/a><\/p>\n\n\n\n<p><a href=\"https:\/\/www.wvtf.org\/post\/no-english-allowed#stream\/0\">&#8220;No English Allowed!&#8221;<\/a><br><a href=\"https:\/\/www.wvtf.org\/post\/no-english-allowed#stream\/0\">(Hausman, 2013)<\/a><\/p>\n\n\n\n<p><a href=\"https:\/\/columns.wlu.edu\/wl-to-continue-hosting-the-virginia-governors-foreign-language-academies\/\">&#8220;W&amp;L to Continue Hosting the Virginia Governor&#8217;s Foreign Language Academies&#8221;<\/a><br><a href=\"https:\/\/columns.wlu.edu\/wl-to-continue-hosting-the-virginia-governors-foreign-language-academies\/\">(Sackett, 2016)<\/a><\/p>\n\n\n\n<p><a href=\"https:\/\/columns.wlu.edu\/language-academies-adjust-to-virtual-summer\/\">&#8220;Language Academies Adjust to Virtual Summer&#8221;<\/a><br><a href=\"https:\/\/columns.wlu.edu\/language-academies-adjust-to-virtual-summer\/\">(Franklin, 2020) <\/a><\/p>\n\n\n\n<p><a href=\"https:\/\/columns.wlu.edu\/ws-language-academies\/\">&#8220;W&amp;L to Host Three Virginia Governor&#8217;s Language Academies&#8221;<\/a><br><a href=\"https:\/\/columns.wlu.edu\/ws-language-academies\/\">(Tschiggfrie, 2011)<\/a><\/p>\n\n\n\n<p><a href=\"https:\/\/columns.wlu.edu\/virginia-governors-language-academies-begin-at-wl\/\">&#8220;Virginia Governor&#8217;s Language Academies Begin at W&amp;L&#8221;<\/a><br><a href=\"https:\/\/columns.wlu.edu\/virginia-governors-language-academies-begin-at-wl\/\">(Cline, 2012)<\/a><\/p>\n\n\n\n<hr class=\"wp-block-separator has-alpha-channel-opacity\"\/>\n\n\n\n<figure class=\"wp-block-image\"><img decoding=\"async\" src=\"http:\/\/www.vagovernorsschool.com\/FrenchAcademy\/wp-content\/uploads\/2019\/06\/IMG_3414.jpg\" alt=\"IMG_3414\" title=\"IMG_3414\"\/><\/figure>\n\n\n\n<p><em>Les Acad\u00e9miciens pr\u00e9parent le contenu pour leur \u00e9mission de radio.&nbsp;(L&#8217;Acad\u00e9mie fran\u00e7aise 2019)&nbsp;<\/em><\/p>\n\n\n\n<hr class=\"wp-block-separator has-css-opacity\"\/>\n\n\n\n<h2 class=\"wp-block-heading has-text-align-center\" id=\"voices-of-the-academy\">&#8220;Les voix de l&#8217;Acad\u00e9mie&#8221;<\/h2>\n\n\n\n<hr class=\"wp-block-separator has-alpha-channel-opacity\"\/>\n\n\n\n<p>Parmi les nombreuses activit\u00e9s extracurriculaires et multichoix propos\u00e9es en cours des trois semaines du programme, les acad\u00e9mies de langues \u00e9trang\u00e8res du gouverneur de Virginie organisent r\u00e9guli\u00e8rement des \u00e9missions de radio.&nbsp;<\/p>\n\n\n\n<p>Les sujets de discussion sont vari\u00e9s, mais les \u00e9missions portent souvent sur la nourriture, les divertissements, le fitness, la cuisine, les livres \u00e0 lire, la sant\u00e9, les artistes, la musique, l&#8217;art, etc.&nbsp;<\/p>\n\n\n\n<p>Ces \u00e9missions sont cr\u00e9\u00e9es par les \u00e9tudiants avec l&#8217;aide d&#8217;un membre du corps enseignant et d&#8217;un moniteur linguistique pour chaque acad\u00e9mie. Les \u00e9missions sont rendues possibles gr\u00e2ce au service de la radio de l&#8217;Universit\u00e9 de Washington et Lee (WLUR).&nbsp;<\/p>\n\n\n\n<p>L&#8217;objectif de cet exercice est de d\u00e9velopper les comp\u00e9tences au niveau de l&#8217;\u00e9criture et de l&#8217;expression orale, en utilisant les diff\u00e9rentes \u00e9tapes du brainstorming, de la r\u00e9daction et de la finalisation du texte, tout en s&#8217;exer\u00e7ant \u00e0 la diction et \u00e0 la projection de la voix. L&#8217;un des aspects int\u00e9ressants de ces \u00e9missions est l&#8217;enthousiasme des \u00e9tudiants pour les langues \u00e9trang\u00e8res, car ils font des progr\u00e8s visibles dans les quatre comp\u00e9tences requises pour l&#8217;apprentissage des langues.&nbsp;<\/p>\n\n\n\n<figure class=\"wp-block-audio\"><audio controls src=\"https:\/\/www.vagovernorsschool.com\/FrenchAcademy\/wp-content\/uploads\/2024\/07\/Langurage-Academy-Week-1-Podcast-1.mp3\"><\/audio><\/figure>\n\n\n\n<figure class=\"wp-block-audio\"><audio controls src=\"https:\/\/www.vagovernorsschool.com\/FrenchAcademy\/wp-content\/uploads\/2024\/07\/Langurage-Academy-Week-2-Podcast-1.mp3\"><\/audio><\/figure>\n\n\n\n<figure class=\"wp-block-audio\"><audio controls src=\"https:\/\/www.vagovernorsschool.com\/FrenchAcademy\/wp-content\/uploads\/2024\/07\/Langurage-Academy-Week-3.mp3\"><\/audio><\/figure>\n\n\n\n<p>Les voix de l&#8217;Acad\u00e9mie &#8211; 0:27<\/p>\n\n\n\n<p>Appuyez sur le bouton &#8220;play&#8221; pour \u00e9couter un \u00e9pisode de l&#8217;\u00e9mission de radio des Acad\u00e9mies 2024. Cela vaut la peine de l&#8217;\u00e9couter !&nbsp;<\/p>\n\n\n\n<p>Voici les \u00e9pisodes du podcast 2025 !\u00a0<\/p>\n\n\n\n<figure class=\"wp-block-audio\"><audio controls src=\"https:\/\/www.vagovernorsschool.com\/FrenchAcademy\/wp-content\/uploads\/2025\/07\/Instrumental-Rethink-French-Music-Bed-106bpm-Amin.mp3\"><\/audio><\/figure>\n\n\n\n<figure class=\"wp-block-audio\"><audio controls src=\"https:\/\/www.vagovernorsschool.com\/FrenchAcademy\/wp-content\/uploads\/2025\/07\/Week-1-2025_mixdown.mp3\"><\/audio><\/figure>\n\n\n\n<hr class=\"wp-block-separator has-alpha-channel-opacity\"\/>\n\n\n\n<h2 class=\"wp-block-heading has-text-align-center\" id=\"souvenirs-de-l-academie\">Souvenirs de l&#8217;Acad\u00e9mie<\/h2>\n\n\n\n<hr class=\"wp-block-separator has-alpha-channel-opacity\"\/>\n\n\n\n<figure class=\"wp-block-image\"><a href=\"http:\/\/www.vagovernorsschool.com\/FrenchAcademy\/wp-content\/uploads\/2021\/07\/newfrenchphoto-scaled.jpg\"><img decoding=\"async\" src=\"http:\/\/www.vagovernorsschool.com\/FrenchAcademy\/wp-content\/uploads\/2021\/07\/newfrenchphoto-scaled.jpg\" alt=\"\"\/><\/a><\/figure>\n\n\n\n<p><em>L&#8217;acad\u00e9mie fi\u00e8re avant un match de foot&nbsp;(L&#8217;Acad\u00e9mie fran\u00e7aise 2015)&nbsp;<\/em><\/p>\n\n\n\n<figure class=\"wp-block-image\"><a href=\"http:\/\/www.vagovernorsschool.com\/FrenchAcademy\/wp-content\/uploads\/2022\/07\/IMG_3778-scaled.jpg\"><img decoding=\"async\" src=\"http:\/\/www.vagovernorsschool.com\/FrenchAcademy\/wp-content\/uploads\/2022\/07\/IMG_3778-scaled.jpg\" alt=\"\"\/><\/a><\/figure>\n\n\n\n<p><em>L&#8217;Acad\u00e9mie fran\u00e7aise apr\u00e8s la soir\u00e9e Talent&nbsp;(L&#8217;Acad\u00e9mie fran\u00e7aise 2022)&nbsp;<\/em><\/p>\n\n\n\n<p><\/p>\n\n\n\n<p><\/p>\n","protected":false},"excerpt":{"rendered":"<p>&nbsp;D\u00e8s leur arriv\u00e9e, les \u00e9tudiants signent un serment selon lequel ils ne parleront pas un mot d&#8217;anglais avant la c\u00e9r\u00e9monie &hellip; <\/p>\n","protected":false},"author":1,"featured_media":0,"parent":0,"menu_order":0,"comment_status":"closed","ping_status":"closed","template":"","meta":{"footnotes":""},"class_list":["post-1622","page","type-page","status-publish","hentry","latest_post"],"_links":{"self":[{"href":"https:\/\/www.vagovernorsschool.com\/FrenchAcademy\/wp-json\/wp\/v2\/pages\/1622","targetHints":{"allow":["GET"]}}],"collection":[{"href":"https:\/\/www.vagovernorsschool.com\/FrenchAcademy\/wp-json\/wp\/v2\/pages"}],"about":[{"href":"https:\/\/www.vagovernorsschool.com\/FrenchAcademy\/wp-json\/wp\/v2\/types\/page"}],"author":[{"embeddable":true,"href":"https:\/\/www.vagovernorsschool.com\/FrenchAcademy\/wp-json\/wp\/v2\/users\/1"}],"replies":[{"embeddable":true,"href":"https:\/\/www.vagovernorsschool.com\/FrenchAcademy\/wp-json\/wp\/v2\/comments?post=1622"}],"version-history":[{"count":98,"href":"https:\/\/www.vagovernorsschool.com\/FrenchAcademy\/wp-json\/wp\/v2\/pages\/1622\/revisions"}],"predecessor-version":[{"id":2879,"href":"https:\/\/www.vagovernorsschool.com\/FrenchAcademy\/wp-json\/wp\/v2\/pages\/1622\/revisions\/2879"}],"wp:attachment":[{"href":"https:\/\/www.vagovernorsschool.com\/FrenchAcademy\/wp-json\/wp\/v2\/media?parent=1622"}],"curies":[{"name":"wp","href":"https:\/\/api.w.org\/{rel}","templated":true}]}}