{"id":901,"date":"2021-07-15T15:50:37","date_gmt":"2021-07-15T19:50:37","guid":{"rendered":"http:\/\/www.vagovernorsschool.com\/GermanAcademy\/?page_id=901"},"modified":"2025-05-05T15:42:57","modified_gmt":"2025-05-05T19:42:57","slug":"901-2","status":"publish","type":"page","link":"http:\/\/www.vagovernorsschool.com\/GermanAcademy\/","title":{"rendered":"Hauptseite"},"content":{"rendered":"\n<p><\/p>\n\n\n\n<h1 class=\"wp-block-heading\">Hauptseite<\/h1>\n\n\n<div class=\"wp-block-image\">\n<figure class=\"aligncenter\"><a href=\"https:\/\/vagovernorsschool.com\/\"><img decoding=\"async\" src=\"http:\/\/www.vagovernorsschool.com\/GermanAcademy\/wp-content\/uploads\/2021\/07\/image005.jpg\" alt=\"image005\" title=\"image005\"\/><\/a><\/figure>\n<\/div>\n\n\n<p><em>Am Anfang versprechen Sch\u00fcler, dass sie kein Englisch bis am Ende der Abschlusszeremonie verwenden werden. Nach der Zeremonie d\u00fcrfen sie Englisch sprechen\u2026wenn sie wollen. Wenige wollen.<\/em><\/p>\n\n\n\n<p>Paul R. (Dick) Kuettner Programmkoordinator<\/p>\n\n\n\n<hr class=\"wp-block-separator has-css-opacity\"\/>\n\n\n\n<h1 class=\"wp-block-heading has-text-align-center\" style=\"font-size:30px\">&nbsp;WILLKOMMEN!<\/h1>\n\n\n<div class=\"wp-block-image\">\n<figure class=\"aligncenter size-medium\"><a href=\"http:\/\/www.vagovernorsschool.com\/GermanAcademy\/wp-content\/uploads\/2025\/05\/Washington-Lee-Universitat-2.png\"><img loading=\"lazy\" decoding=\"async\" width=\"200\" height=\"300\" src=\"https:\/\/www.vagovernorsschool.com\/GermanAcademy\/wp-content\/uploads\/2025\/05\/Washington-Lee-Universitat-2-200x300.png\" alt=\"\" class=\"wp-image-1565\" srcset=\"http:\/\/www.vagovernorsschool.com\/GermanAcademy\/wp-content\/uploads\/2025\/05\/Washington-Lee-Universitat-2-200x300.png 200w, http:\/\/www.vagovernorsschool.com\/GermanAcademy\/wp-content\/uploads\/2025\/05\/Washington-Lee-Universitat-2-683x1024.png 683w, http:\/\/www.vagovernorsschool.com\/GermanAcademy\/wp-content\/uploads\/2025\/05\/Washington-Lee-Universitat-2-768x1152.png 768w, http:\/\/www.vagovernorsschool.com\/GermanAcademy\/wp-content\/uploads\/2025\/05\/Washington-Lee-Universitat-2.png 1024w\" sizes=\"auto, (max-width: 200px) 100vw, 200px\" \/><\/a><\/figure>\n<\/div>\n\n\n<p><\/p>\n\n\n\n<p><\/p>\n\n\n\n<p>Willkommen auf der offiziellen Webseite der Virginia Deutschakademie. Hier finden Sie wichtige Informationen zum Programm, wie Kursbeschreibungen, Biografien der Belegschaft, und auch generale Tagesabl\u00e4ufe.<\/p>\n\n\n<div class=\"wp-block-image\">\n<figure class=\"aligncenter\"><img decoding=\"async\" src=\"http:\/\/www.vagovernorsschool.com\/GermanAcademy\/wp-content\/uploads\/2018\/06\/fullsizeoutput_b97.jpeg\" alt=\"\u00d6sterreich\" title=\"fullsizeoutput_b97\"\/><\/figure>\n<\/div>\n\n\n<hr class=\"wp-block-separator has-css-opacity\"\/>\n\n\n\n<h2 class=\"wp-block-heading has-text-align-center\">\u00dcberblick<\/h2>\n\n\n\n<hr class=\"wp-block-separator has-css-opacity\"\/>\n\n\n\n<p>Die Virginia Governor&#8217;s World Language Academies erschienen 1986 mit der Franz\u00f6sischakademie. Die Deutsch- und Spanischakademien fanden im n\u00e4chsten Jahr zum ersten Mal statt. Das Ziel aller drei Akademien ist, eine vorbildliche Erfahrung beim Fremdsprachenlernen anzubieten. Seit 2011 findet Die Deutschakademie an Washington &amp; Lee Universit\u00e4t statt. Da haben junge Sprachwissenschaftler die M\u00f6glichkeit w\u00e4hrend der drei Wochen die Sprache und kulturelle Kompetenz weiterzuentwickeln.&nbsp;<\/p>\n\n\n\n<p>W\u00e4hrend des Programms nehmen die motiviertesten und talentiertesten Sprachsch\u00fcler aus Virginia an intensiven Sprach- und Kulturkursen teil, w\u00e4hrenddessen sie nur auf Deutsch sprechen, lesen, schreiben, und h\u00f6ren. Diese auserw\u00e4hlten Sch\u00fcler sind aus Virginia, aber die Belegschaft kommt aus der ganzen Welt. Vom Morgen bis zum Abend nehmen Sch\u00fcler an verschiedenen Aktivit\u00e4ten und Kursen teil, die die Sprachentwicklung und Kulturkenntnisse unterst\u00fctzen.&nbsp;\nSuchen Sie mehr Informationen?<br>\nBesuchen Sie die Webseite der VDOE <a href=\"https:\/\/www.doe.virginia.gov\/instruction\/foreign_language\/language_academies\/\">Weltsprachen Akademien.<\/a><\/p>\n\n\n<div class=\"wp-block-image\">\n<figure class=\"aligncenter\"><img decoding=\"async\" src=\"http:\/\/www.vagovernorsschool.com\/GermanAcademy\/wp-content\/uploads\/2024\/04\/2023-German-Pic.png\" alt=\"Ausflug am Meer, 2023 \" title=\"2023 German Pic\"\/><\/figure>\n<\/div>\n\n\n<p class=\"has-text-align-center\"><em>Ausflug am Meer, 2023 <\/em><\/p>\n\n\n\n<hr class=\"wp-block-separator has-css-opacity\"\/>\n\n\n\n<h2 class=\"wp-block-heading has-text-align-center\">In den Nachrichten<\/h2>\n\n\n\n<hr class=\"wp-block-separator has-css-opacity\"\/>\n\n\n\n<p><a href=\"https:\/\/columns.wlu.edu\/ws-language-academies\/\">&#8220;W&amp;L to Host Three Virginia Governor&#8217;s Language Academies&#8221;<\/a> (Tschiggfrie, 2011) <br><a href=\"https:\/\/columns.wlu.edu\/virginia-governors-language-academies-begin-at-wl\/\">&#8220;Virginia Governor&#8217;s Language Academies Begin at W&amp;L&#8221;<\/a> (Cline, 2012) <br><a href=\"https:\/\/columns.wlu.edu\/no-cells-no-ipods-no-english-governors-language-academies-at-wl\/\">&#8220;No Cells, No iPods, No English: Governor&#8217;s Language Academies at W&amp;L&#8221;<\/a> (Hanna, 2013) <br><a href=\"https:\/\/www.wvtf.org\/post\/no-english-allowed#stream\/0\">&#8220;No English Allowed!&#8221;<\/a> (Hausman, 2013) <br><a href=\"https:\/\/columns.wlu.edu\/wl-to-continue-hosting-the-virginia-governors-foreign-language-academies\/\">&#8220;W&amp;L to Continue Hosting the Virginia Governor&#8217;s Foreign Language Academies&#8221;<\/a> (Sackett, 2016)<br><a href=\"https:\/\/fredericksburg.com\/news\/education\/students-explore--year-old-germanna-colony-during--week\/article_64497731-ff3f-5f97-8b9a-ea855c556727.html\">&#8220;Students explore 304-year-old Germanna Colony during 3-week immersive German Academy&#8221;<\/a> (Jennings, 2018) <br>&#8220;<a href=\"https:\/\/columns.wlu.edu\/language-academies-adjust-to-virtual-summer\/\">Language Academies Adjust to Virtual Summer<\/a>&#8221; (Franklin, 2020)<\/p>\n\n\n<div class=\"wp-block-image\">\n<figure class=\"aligncenter\"><img decoding=\"async\" src=\"http:\/\/www.vagovernorsschool.com\/GermanAcademy\/wp-content\/uploads\/2024\/04\/dhall.png\" alt=\"Die Deutschakademie in der Mensa, 2022 \" title=\"dhall\"\/><\/figure>\n<\/div>\n\n\n<p class=\"has-text-align-center\"><em>Die Deutschakademie in der Mensa, 2022 <\/em><\/p>\n\n\n\n<hr class=\"wp-block-separator has-css-opacity\"\/>\n\n\n\n<h2 class=\"wp-block-heading has-text-align-center\">&#8220;Stimmen der Akademie&#8221;<\/h2>\n\n\n\n<hr class=\"wp-block-separator has-css-opacity\"\/>\n\n\n\n<p>Unter den anderen extrakurrikularen Aktivit\u00e4ten verf\u00fcgbar w\u00e4hrend des Programms hat alle Akademien eine Radiosendung, die regelm\u00e4\u00dfig stattfindet.&nbsp;<\/p>\n\n\n\n<p>Die Themen sind variiert, aber oftmals handeln die Sendungen um Essen, Freizeit, Fitness, Kochen, lesenswerte B\u00fccher, Gesundheit, Musiker, und so weiter.&nbsp;<\/p>\n\n\n\n<p>Diese Sendungen werden von den Sch\u00fclern mithilfe eines Mitglied der Belegschaft hergestellt. Sendungen werden von Washington &amp; Lee University Radio (WLUR) erm\u00f6glicht.&nbsp;&nbsp;<\/p>\n\n\n\n<p>Der Zweck dieser \u00dcbung ist Schreiben und Sprechen \u00fcben. Sch\u00fcler verwenden die verschiedenen Stufen Ideenentwicklung und Ausarbeitung.&nbsp;&nbsp;<\/p>\n\n\n\n<figure class=\"wp-block-audio\"><audio controls src=\"https:\/\/www.vagovernorsschool.com\/GermanAcademy\/wp-content\/uploads\/2024\/07\/Langurage-Academy-Week-1.mp3\"><\/audio><figcaption class=\"wp-element-caption\">Stimmen der Akademie &#8211; 21:49<\/figcaption><\/figure>\n\n\n\n<figure class=\"wp-block-audio\"><audio controls src=\"https:\/\/www.vagovernorsschool.com\/GermanAcademy\/wp-content\/uploads\/2024\/07\/Langurage-Academy-Week-2.mp3\"><\/audio><figcaption class=\"wp-element-caption\">Stimmen der Akademie &#8211; 15:14<\/figcaption><\/figure>\n\n\n\n<figure class=\"wp-block-audio\"><audio controls src=\"https:\/\/www.vagovernorsschool.com\/GermanAcademy\/wp-content\/uploads\/2024\/07\/Langurage-Academy-Week-3.mp3\"><\/audio><figcaption class=\"wp-element-caption\">Stimmen der Akademie &#8211; 14:24<\/figcaption><\/figure>\n\n\n\n<p>Das deutsche Teil der Sendung f\u00e4ngt mit ungef\u00e4hr 20 Minuten an.&nbsp;<\/p>\n\n\n<div class=\"wp-block-image\">\n<figure class=\"aligncenter\"><img decoding=\"async\" src=\"http:\/\/www.vagovernorsschool.com\/GermanAcademy\/wp-content\/uploads\/2024\/04\/2022.png\" alt=\"Deutschakademie mit der Troph\u00e4e des FICs, 2022 \" title=\"2022\"\/><\/figure>\n<\/div>\n\n\n<p class=\"has-text-align-center\"><em>Deutschakademie mit der Troph\u00e4e des FICs, 2022 <\/em><\/p>\n\n\n<div class=\"wp-block-image\">\n<figure class=\"aligncenter\"><img decoding=\"async\" src=\"http:\/\/www.vagovernorsschool.com\/GermanAcademy\/wp-content\/uploads\/2024\/04\/German-Academy-in-German-Colony.png\" alt=\"Deutschakademie besichtigt Germanna Kolonie in Locust Grove, Virginia, 2018\" title=\"German Academy in German Colony\"\/><\/figure>\n<\/div>\n\n\n<p class=\"has-text-align-center\"><em>Deutschakademie besichtigt Germanna Kolonie in Locust Grove, Virginia, 2018 <\/em><\/p>\n\n\n\n<figure class=\"wp-block-image\"><img decoding=\"async\" src=\"http:\/\/www.vagovernorsschool.com\/GermanAcademy\/wp-content\/uploads\/2024\/04\/German-Academy-reading.jpg\" alt=\"Zusammenarbeit beim Lesen, 2019\" title=\"German Academy reading\"\/><\/figure>\n\n\n\n<p class=\"has-text-align-center\"><em>Zusammenarbeit beim Lesen, 2019<\/em><\/p>\n","protected":false},"excerpt":{"rendered":"<p>Hauptseite Am Anfang versprechen Sch\u00fcler, dass sie kein Englisch bis am Ende der Abschlusszeremonie verwenden werden. Nach der Zeremonie d\u00fcrfen &hellip; <\/p>\n","protected":false},"author":1,"featured_media":0,"parent":0,"menu_order":0,"comment_status":"closed","ping_status":"closed","template":"","meta":{"jetpack_post_was_ever_published":false,"footnotes":""},"class_list":["post-901","page","type-page","status-publish","hentry"],"jetpack_sharing_enabled":true,"jetpack_shortlink":"https:\/\/wp.me\/P9TuOQ-ex","_links":{"self":[{"href":"http:\/\/www.vagovernorsschool.com\/GermanAcademy\/wp-json\/wp\/v2\/pages\/901","targetHints":{"allow":["GET"]}}],"collection":[{"href":"http:\/\/www.vagovernorsschool.com\/GermanAcademy\/wp-json\/wp\/v2\/pages"}],"about":[{"href":"http:\/\/www.vagovernorsschool.com\/GermanAcademy\/wp-json\/wp\/v2\/types\/page"}],"author":[{"embeddable":true,"href":"http:\/\/www.vagovernorsschool.com\/GermanAcademy\/wp-json\/wp\/v2\/users\/1"}],"replies":[{"embeddable":true,"href":"http:\/\/www.vagovernorsschool.com\/GermanAcademy\/wp-json\/wp\/v2\/comments?post=901"}],"version-history":[{"count":99,"href":"http:\/\/www.vagovernorsschool.com\/GermanAcademy\/wp-json\/wp\/v2\/pages\/901\/revisions"}],"predecessor-version":[{"id":1568,"href":"http:\/\/www.vagovernorsschool.com\/GermanAcademy\/wp-json\/wp\/v2\/pages\/901\/revisions\/1568"}],"wp:attachment":[{"href":"http:\/\/www.vagovernorsschool.com\/GermanAcademy\/wp-json\/wp\/v2\/media?parent=901"}],"curies":[{"name":"wp","href":"https:\/\/api.w.org\/{rel}","templated":true}]}}