{"id":19,"date":"2018-03-30T16:54:44","date_gmt":"2018-03-30T20:54:44","guid":{"rendered":"http:\/\/www.vagovernorsschool.com\/GermanAcademy\/?page_id=19"},"modified":"2025-04-30T12:58:04","modified_gmt":"2025-04-30T16:58:04","slug":"contact","status":"publish","type":"page","link":"http:\/\/www.vagovernorsschool.com\/GermanAcademy\/contact\/","title":{"rendered":"Kurse Und Aktivit\u00e4ten"},"content":{"rendered":"\n<h3 class=\"wp-block-heading\"><strong>Kursbeschreibungen\u00a0<\/strong>2025<\/h3>\n\n\n\n<figure class=\"wp-block-gallery has-nested-images columns-default is-cropped wp-block-gallery-1 is-layout-flex wp-block-gallery-is-layout-flex\"><\/figure>\n\n\n\n<figure class=\"wp-block-table\"><table><tbody><tr><td><strong>Akademieleben<\/strong><br>Lehrer: Direktor Kesner<\/td><td>Die Akademie kann stressig sein, wenn du nicht bereit bist. In diesem Kurs bereiten wir uns auf das Leben in der Akademie vor. Wir lernen \u00fcber Herumsprechen, wie man einen Umschlag ausf\u00fcllt, Heimweh, und grammatische Themen, die wichtig sind, um erfolgreich zu sein.<\/td><\/tr><tr><td><strong>Energie und Bewegung<\/strong><br>Lehrer: Herr Lombardi&nbsp;<br><\/td><td>In diesem interaktiven Physikkurs erforschen wir die Grundlagen der Bewegung und Energie. Wir lernen, wie kinetische Energie funktioniert, welche Formen potenzielle Energie haben kann (gravitations-, chemische und elastische Energie) und wie Drehbewegung, Reibung und Thermodynamik unseren Alltag beeinflussen. Durch spannende Experimente und praktische Projekte \u2013 wie den Bau eines Pendels zur Beobachtung der Erddrehung, den Vergleich von Katapulten und Trib\u00f6cken mit Modellen sowie Spielzeugauto-Rennen auf Rampen \u2013 erleben wir Physik hautnah!<\/td><\/tr><tr><td><strong>Fit f\u00fcr die Deutschakademie<\/strong><br>Lehrer: Herr Lombardi<\/td><td>Dieser Kurs dreht sich um k\u00f6rperliche und geistige Gesundheit, die richtige Lebensmittelwahl und Verletzungspr\u00e4vention. Wir erkunden, wie Bewegung unsere Fitness verbessert, welche N\u00e4hrstoffe unser K\u00f6rper braucht und wie wir Verletzungen vermeiden k\u00f6nnen. Mit praktischen \u00dcbungen im Fitnesszentrum, interaktiven Aktivit\u00e4ten zur Lebensmittelauswahl und realistischen Notfallszenarien in der K\u00fcche lernen wir, gesund und sicher durch den Alltag zu kommen!<\/td><\/tr><tr><td><strong>Japanisch<\/strong><br>Lehrerin: Frau Cizek&nbsp;<\/td><td>Interessierst du dich f\u00fcr Anime oder isst du gerne Sushi? Dann w\u00fcrdest du bestimmt bei diesem Kurs gut reinpassen! Auch wenn nicht, alles gut, denn wir lernen gemeinsam \u00fcber viele unterschiedliche Teile der Japanisch Sprache und Kultur &#8211; es gibt etwas f\u00fcr jeden! Am Ende des Kurses sollen wir einige Alltags Sache diskutieren k\u00f6nnen, eine der drei japanischen Alphabeten lesen k\u00f6nnen und vieles \u00fcber japanisch Ess-Kultur wissen.<\/td><\/tr><tr><td><strong>Der Schmetterlingseffekt<\/strong><br>Lehrer: Direktor Kesner<\/td><td>Mit dem Schmetterlingseffekt haben alle Entscheidungen Konsequenzen. In diesem interaktiven Geografie- und Biologiekurs lernen wir von Deutschland im Kontext eines Zombievirus. Wie ist die Bev\u00f6lkerungsdichte in Deutschland? Welche Ressourcen hat jedes Bundesland? Welche Klimazonen gibt es in Deutschland? Erfahre die Antworten, w\u00e4hrend du versuchst, die Untoten zu \u00fcberwinden.<\/td><\/tr><tr><td><strong>Tschechisch<\/strong><br>Lehrerin: Frau Suchanek<\/td><td>Schon mal von tschechischen Kn\u00f6deln oder der Polka geh\u00f6rt? All diese Sachen kommen aus Tschechisch. In diesem Kurs werden wir lernen, uns in Tschechisch vorzustellen und \u00fcber uns zu erz\u00e4hlen. Wir werden einen Einblick in die tschechische Kultur bekommen und n\u00fctzliche Phrasen lernen, welche die Verst\u00e4ndigung bei einer Reise nach Tschechien vereinfachen.<\/td><\/tr><tr><td><strong>Was gibt&#8217;s Neues?<\/strong><br>Lehrerin: Frau Suchanek<\/td><td>Wer m\u00f6chte nicht informiert sein? In diesem Kurs werden wir \u00fcber aktuelle Themen aus den Nachrichten diskutieren, in das deutsche Kulturerbe schauen und in Verbindung damit unsere Grammatikkenntnisse auffrischen.<\/td><\/tr><\/tbody><\/table><\/figure>\n\n\n\n<p><\/p>\n\n\n\n<p><\/p>\n\n\n\n<p><\/p>\n","protected":false},"excerpt":{"rendered":"<p>Kursbeschreibungen\u00a02025 AkademielebenLehrer: Direktor Kesner Die Akademie kann stressig sein, wenn du nicht bereit bist. In diesem Kurs bereiten wir uns &hellip; <\/p>\n","protected":false},"author":1,"featured_media":0,"parent":0,"menu_order":0,"comment_status":"closed","ping_status":"closed","template":"","meta":{"jetpack_post_was_ever_published":false,"footnotes":""},"class_list":["post-19","page","type-page","status-publish","hentry"],"jetpack_sharing_enabled":true,"jetpack_shortlink":"https:\/\/wp.me\/P9TuOQ-j","_links":{"self":[{"href":"http:\/\/www.vagovernorsschool.com\/GermanAcademy\/wp-json\/wp\/v2\/pages\/19","targetHints":{"allow":["GET"]}}],"collection":[{"href":"http:\/\/www.vagovernorsschool.com\/GermanAcademy\/wp-json\/wp\/v2\/pages"}],"about":[{"href":"http:\/\/www.vagovernorsschool.com\/GermanAcademy\/wp-json\/wp\/v2\/types\/page"}],"author":[{"embeddable":true,"href":"http:\/\/www.vagovernorsschool.com\/GermanAcademy\/wp-json\/wp\/v2\/users\/1"}],"replies":[{"embeddable":true,"href":"http:\/\/www.vagovernorsschool.com\/GermanAcademy\/wp-json\/wp\/v2\/comments?post=19"}],"version-history":[{"count":42,"href":"http:\/\/www.vagovernorsschool.com\/GermanAcademy\/wp-json\/wp\/v2\/pages\/19\/revisions"}],"predecessor-version":[{"id":1536,"href":"http:\/\/www.vagovernorsschool.com\/GermanAcademy\/wp-json\/wp\/v2\/pages\/19\/revisions\/1536"}],"wp:attachment":[{"href":"http:\/\/www.vagovernorsschool.com\/GermanAcademy\/wp-json\/wp\/v2\/media?parent=19"}],"curies":[{"name":"wp","href":"https:\/\/api.w.org\/{rel}","templated":true}]}}